{"id":26402,"date":"2025-09-01T15:01:38","date_gmt":"2025-09-01T13:01:38","guid":{"rendered":"https:\/\/lopecik.katowice.pl\/?page_id=26402"},"modified":"2026-01-07T22:45:59","modified_gmt":"2026-01-07T20:45:59","slug":"osk-lopecik-o-nas","status":"publish","type":"page","link":"https:\/\/lopecik.katowice.pl\/?page_id=26402","title":{"rendered":"O nas"},"content":{"rendered":"<p>[et_pb_section fb_built=&#8221;1&#8243; admin_label=&#8221;section&#8221; _builder_version=&#8221;4.27.4&#8243; background_video_mp4=&#8221;https:\/\/lopecik.katowice.pl\/wp-content\/uploads\/2025\/09\/Projekt-bez-nazwy.mp4&#8243; custom_padding=&#8221;223px||223px||true|false&#8221; global_colors_info=&#8221;{}&#8221;][et_pb_row _builder_version=&#8221;4.26.0&#8243; _module_preset=&#8221;default&#8221; global_colors_info=&#8221;{}&#8221;][et_pb_column type=&#8221;4_4&#8243; _builder_version=&#8221;4.26.0&#8243; _module_preset=&#8221;default&#8221; global_colors_info=&#8221;{}&#8221;][et_pb_text _builder_version=&#8221;4.27.4&#8243; _module_preset=&#8221;default&#8221; text_font=&#8221;Anton||||||||&#8221; text_text_color=&#8221;#FFFFFF&#8221; text_font_size=&#8221;110px&#8221; text_line_height=&#8221;1.1em&#8221; text_orientation=&#8221;center&#8221; custom_padding_tablet=&#8221;80px||80px||true|false&#8221; custom_padding_phone=&#8221;60px||60px||true|false&#8221; custom_padding_last_edited=&#8221;off|desktop&#8221; animation_style=&#8221;slide&#8221; animation_direction=&#8221;left&#8221; animation_duration=&#8221;1500ms&#8221; text_font_size_tablet=&#8221;90px&#8221; text_font_size_phone=&#8221;55px&#8221; text_font_size_last_edited=&#8221;on|phone&#8221; text_text_shadow_style=&#8221;preset5&#8243; global_colors_info=&#8221;{}&#8221;]<\/p>\n<p>CO WARTO O NAS WIEDZIE\u0106<\/p>\n<p>[\/et_pb_text][\/et_pb_column][\/et_pb_row][\/et_pb_section][et_pb_section fb_built=&#8221;1&#8243; admin_label=&#8221;Hero Section&#8221; _builder_version=&#8221;4.27.4&#8243; use_background_color_gradient=&#8221;on&#8221; background_color_gradient_stops=&#8221;#2d3757 0%|#212529 100%&#8221; background_color_gradient_start=&#8221;#2d3757&#8243; background_color_gradient_end=&#8221;#212529&#8243; custom_padding=&#8221;0px|0px|100px|0px|false|false&#8221; global_colors_info=&#8221;{}&#8221;][et_pb_row _builder_version=&#8221;4.27.4&#8243; background_size=&#8221;initial&#8221; background_position=&#8221;top_left&#8221; background_repeat=&#8221;repeat&#8221; custom_margin=&#8221;|||&#8221; global_colors_info=&#8221;{}&#8221;][et_pb_column type=&#8221;4_4&#8243; _builder_version=&#8221;4.16&#8243; custom_padding=&#8221;40px|||&#8221; global_colors_info=&#8221;{}&#8221; custom_padding__hover=&#8221;|||&#8221;][et_pb_heading title=&#8221;O nas&#8221; _builder_version=&#8221;4.27.4&#8243; _module_preset=&#8221;default&#8221; title_font=&#8221;PT Sans||||||||&#8221; title_text_color=&#8221;rgba(255,255,255,0.96)&#8221; title_font_size=&#8221;50px&#8221; global_colors_info=&#8221;{}&#8221;][\/et_pb_heading][et_pb_divider _builder_version=&#8221;4.27.4&#8243; _module_preset=&#8221;default&#8221; global_colors_info=&#8221;{}&#8221;][\/et_pb_divider][et_pb_text _builder_version=&#8221;4.27.4&#8243; text_font=&#8221;PT Sans||||||||&#8221; text_text_color=&#8221;rgba(255,255,255,0.7)&#8221; text_font_size=&#8221;18px&#8221; text_line_height=&#8221;1.8em&#8221; header_font=&#8221;Poppins|500|||||||&#8221; header_text_color=&#8221;#ffffff&#8221; header_font_size=&#8221;44px&#8221; header_line_height=&#8221;1.3em&#8221; header_2_font=&#8221;||||||||&#8221; header_3_font=&#8221;||||||||&#8221; header_4_font=&#8221;||||||||&#8221; global_colors_info=&#8221;{}&#8221;]<\/p>\n<p data-start=\"208\" data-end=\"499\">Jeste\u015bmy <strong>OSK Lopecik<\/strong> \u2013 miejscem, w kt\u00f3rym nauka jazdy \u0142\u0105czy si\u0119 z pasj\u0105 i profesjonalizmem. Od wielu lat pomagamy przysz\u0142ym kierowcom zdobywa\u0107 umiej\u0119tno\u015bci potrzebne nie tylko do zdania egzaminu, ale przede wszystkim do bezpiecznej i pewnej jazdy na co dzie\u0144.<\/p>\n<p data-start=\"501\" data-end=\"814\">Nasz zesp\u00f3\u0142 instruktor\u00f3w to do\u015bwiadczeni pasjonaci, kt\u00f3rzy z zaanga\u017cowaniem i cierpliwo\u015bci\u0105 wspieraj\u0105 kursant\u00f3w na ka\u017cdym etapie nauki. Stawiamy na indywidualne podej\u015bcie, przyjazn\u0105 atmosfer\u0119 i nowoczesne metody szkolenia \u2013 dzi\u0119ki temu nasi kursanci czuj\u0105 si\u0119 komfortowo i osi\u0105gaj\u0105 \u015bwietne wyniki na egzaminach.<\/p>\n<p data-start=\"816\" data-end=\"1079\">Od pocz\u0105tku istnienia OSK Lopecik zale\u017cy nam na tym, aby ka\u017cdy, kto wybiera nasz o\u015brodek, mia\u0142 pewno\u015b\u0107, \u017ce trafia w dobre r\u0119ce. Z dum\u0105 mo\u017cemy powiedzie\u0107, \u017ce zaufa\u0142o nam ju\u017c wielu kursant\u00f3w, a zdobyte przez nich prawo jazdy jest najlepsz\u0105 rekomendacj\u0105 naszej pracy.<\/p>\n<p>[\/et_pb_text][et_pb_divider _builder_version=&#8221;4.27.4&#8243; _module_preset=&#8221;default&#8221; global_colors_info=&#8221;{}&#8221;][\/et_pb_divider][\/et_pb_column][\/et_pb_row][et_pb_row _builder_version=&#8221;4.27.5&#8243; _module_preset=&#8221;default&#8221;][et_pb_column _builder_version=&#8221;4.27.5&#8243; _module_preset=&#8221;default&#8221; type=&#8221;4_4&#8243;][et_pb_image src=&#8221;https:\/\/lopecik.katowice.pl\/wp-content\/uploads\/2026\/01\/Messenger_creation_1EF553FF-FE5F-4AFD-A573-BF05E4F49EDB.jpeg&#8221; _builder_version=&#8221;4.27.5&#8243; _module_preset=&#8221;default&#8221; title_text=&#8221;Messenger_creation_1EF553FF-FE5F-4AFD-A573-BF05E4F49EDB&#8221; hover_enabled=&#8221;0&#8243; sticky_enabled=&#8221;0&#8243;][\/et_pb_image][\/et_pb_column][\/et_pb_row][et_pb_row column_structure=&#8221;1_3,1_3,1_3&#8243; make_equal=&#8221;on&#8221; _builder_version=&#8221;4.27.4&#8243; global_colors_info=&#8221;{}&#8221;][et_pb_column type=&#8221;1_3&#8243; _builder_version=&#8221;4.16&#8243; custom_padding=&#8221;|||&#8221; global_colors_info=&#8221;{}&#8221; custom_padding__hover=&#8221;|||&#8221;][et_pb_blurb title=&#8221;Mistrzowie Nauki Jazdy&#8221; image=&#8221;https:\/\/lopecik.katowice.pl\/wp-content\/uploads\/2025\/09\/driving-lessons.png&#8221; alt=&#8221;Ikona auta na stronie O nas&#8221; image_icon_width=&#8221;20%&#8221; _builder_version=&#8221;4.27.4&#8243; header_font=&#8221;PT Sans|700|||||||&#8221; header_line_height=&#8221;25px&#8221; body_font=&#8221;PT Sans||||||||&#8221; body_text_color=&#8221;rgba(255,255,255,0.7)&#8221; body_font_size=&#8221;16px&#8221; body_line_height=&#8221;1.8em&#8221; text_orientation=&#8221;center&#8221; background_layout=&#8221;dark&#8221; custom_margin=&#8221;|||&#8221; custom_padding=&#8221;||0px|||&#8221; animation_style=&#8221;slide&#8221; animation_direction=&#8221;bottom&#8221; animation_intensity_slide=&#8221;10%&#8221; animation=&#8221;off&#8221; global_colors_info=&#8221;{}&#8221;]<\/p>\n<p>W 2020 roku <strong>OSK Lopecik<\/strong> zdoby\u0142o tytu\u0142 <strong data-start=\"183\" data-end=\"212\">\u201eSzko\u0142a Nauki Jazdy Roku\u201d<\/strong>, a nasi instruktorzy zaj\u0119li ca\u0142e podium w kategorii ,,Instruktorzy Nauki Jazdy\u201d<\/p>\n<p>[\/et_pb_blurb][\/et_pb_column][et_pb_column type=&#8221;1_3&#8243; _builder_version=&#8221;4.16&#8243; custom_padding=&#8221;|||&#8221; global_colors_info=&#8221;{}&#8221; custom_padding__hover=&#8221;|||&#8221;][et_pb_blurb title=&#8221;Instruktor Roku&#8221; image=&#8221;https:\/\/lopecik.katowice.pl\/wp-content\/uploads\/2025\/09\/success.png&#8221; alt=&#8221;Ikona pucharu na stronie %22O nas%22&#8243; image_icon_width=&#8221;20%&#8221; _builder_version=&#8221;4.27.4&#8243; header_font=&#8221;PT Sans|700|||||||&#8221; header_line_height=&#8221;25px&#8221; body_font=&#8221;PT Sans||||||||&#8221; body_text_color=&#8221;rgba(255,255,255,0.7)&#8221; body_font_size=&#8221;16px&#8221; body_line_height=&#8221;1.8em&#8221; text_orientation=&#8221;center&#8221; background_layout=&#8221;dark&#8221; custom_margin=&#8221;|||&#8221; custom_padding=&#8221;||0px|||&#8221; animation_style=&#8221;slide&#8221; animation_direction=&#8221;bottom&#8221; animation_delay=&#8221;200ms&#8221; animation_intensity_slide=&#8221;10%&#8221; animation=&#8221;off&#8221; global_colors_info=&#8221;{}&#8221;]<\/p>\n<p>W\u0142a\u015bciciel szko\u0142y, <strong data-start=\"343\" data-end=\"360\">Dariusz Madej<\/strong>, zosta\u0142 wyr\u00f3\u017cniony przez Dziennik Zachodni i zdoby\u0142 <strong data-start=\"413\" data-end=\"433\">pierwsze miejsce<\/strong> w kategorii \u201eInstruktor Nauki Jazdy\u201d.<\/p>\n<p>[\/et_pb_blurb][\/et_pb_column][et_pb_column type=&#8221;1_3&#8243; _builder_version=&#8221;4.16&#8243; custom_padding=&#8221;|||&#8221; global_colors_info=&#8221;{}&#8221; custom_padding__hover=&#8221;|||&#8221;][et_pb_blurb title=&#8221;Doceniani od lat&#8221; image=&#8221;https:\/\/lopecik.katowice.pl\/wp-content\/uploads\/2025\/09\/thumbs-up.png&#8221; image_icon_width=&#8221;20%&#8221; _builder_version=&#8221;4.27.4&#8243; header_font=&#8221;PT Sans|700|||||||&#8221; header_line_height=&#8221;25px&#8221; body_font=&#8221;PT Sans||||||||&#8221; body_text_color=&#8221;rgba(255,255,255,0.7)&#8221; body_font_size=&#8221;16px&#8221; body_line_height=&#8221;1.8em&#8221; text_orientation=&#8221;center&#8221; background_layout=&#8221;dark&#8221; custom_margin=&#8221;|||&#8221; custom_padding=&#8221;|||&#8221; animation_style=&#8221;slide&#8221; animation_direction=&#8221;bottom&#8221; animation_delay=&#8221;200ms&#8221; animation_intensity_slide=&#8221;10%&#8221; animation=&#8221;off&#8221; global_colors_info=&#8221;{}&#8221;]<\/p>\n<p>Od lat jeste\u015bmy w czo\u0142\u00f3wce najlepszych szk\u00f3\u0142 <strong data-start=\"552\" data-end=\"573\">2. miejsce w 2017<\/strong> i <strong data-start=\"576\" data-end=\"597\">3. miejsce w 2016<\/strong> w presti\u017cowym rankingu o\u015brodk\u00f3w nauki jazdy w woj. \u015bl\u0105skim.<\/p>\n<p>[\/et_pb_blurb][\/et_pb_column][\/et_pb_row][et_pb_row _builder_version=&#8221;4.27.4&#8243; _module_preset=&#8221;default&#8221; custom_padding=&#8221;50px||||false|false&#8221; global_colors_info=&#8221;{}&#8221;][et_pb_column type=&#8221;4_4&#8243; _builder_version=&#8221;4.27.4&#8243; _module_preset=&#8221;default&#8221; global_colors_info=&#8221;{}&#8221;][et_pb_video src=&#8221;https:\/\/lopecik.katowice.pl\/wp-content\/uploads\/2024\/07\/An-WULnzPtmKROnRqdBGKejPtY9f8prW8-Qlpkb-rX9erkCOR3jJBCSxF1s7-zz45bPkF6D0t5J8a7Kax4Z-.mp4&#8243; _builder_version=&#8221;4.27.4&#8243; _module_preset=&#8221;default&#8221; border_radii=&#8221;on|35px|35px|35px|35px&#8221; box_shadow_style=&#8221;preset1&#8243; global_colors_info=&#8221;{}&#8221;][\/et_pb_video][\/et_pb_column][\/et_pb_row][\/et_pb_section]<\/p>\n","protected":false},"excerpt":{"rendered":"<p>CO WARTO O NAS WIEDZIE\u0106Jeste\u015bmy OSK Lopecik \u2013 miejscem, w kt\u00f3rym nauka jazdy \u0142\u0105czy si\u0119 z pasj\u0105 i profesjonalizmem. Od wielu lat pomagamy przysz\u0142ym kierowcom zdobywa\u0107 umiej\u0119tno\u015bci potrzebne nie tylko do zdania egzaminu, ale przede wszystkim do bezpiecznej i pewnej jazdy na co dzie\u0144. Nasz zesp\u00f3\u0142 instruktor\u00f3w to do\u015bwiadczeni pasjonaci, kt\u00f3rzy z zaanga\u017cowaniem i cierpliwo\u015bci\u0105 [&hellip;]<\/p>\n","protected":false},"author":5,"featured_media":0,"parent":0,"menu_order":2,"comment_status":"closed","ping_status":"closed","template":"","meta":{"_et_pb_use_builder":"on","_et_pb_old_content":"","_et_gb_content_width":"","footnotes":""},"class_list":["post-26402","page","type-page","status-publish","hentry"],"_links":{"self":[{"href":"https:\/\/lopecik.katowice.pl\/index.php?rest_route=\/wp\/v2\/pages\/26402","targetHints":{"allow":["GET"]}}],"collection":[{"href":"https:\/\/lopecik.katowice.pl\/index.php?rest_route=\/wp\/v2\/pages"}],"about":[{"href":"https:\/\/lopecik.katowice.pl\/index.php?rest_route=\/wp\/v2\/types\/page"}],"author":[{"embeddable":true,"href":"https:\/\/lopecik.katowice.pl\/index.php?rest_route=\/wp\/v2\/users\/5"}],"replies":[{"embeddable":true,"href":"https:\/\/lopecik.katowice.pl\/index.php?rest_route=%2Fwp%2Fv2%2Fcomments&post=26402"}],"version-history":[{"count":16,"href":"https:\/\/lopecik.katowice.pl\/index.php?rest_route=\/wp\/v2\/pages\/26402\/revisions"}],"predecessor-version":[{"id":32225,"href":"https:\/\/lopecik.katowice.pl\/index.php?rest_route=\/wp\/v2\/pages\/26402\/revisions\/32225"}],"wp:attachment":[{"href":"https:\/\/lopecik.katowice.pl\/index.php?rest_route=%2Fwp%2Fv2%2Fmedia&parent=26402"}],"curies":[{"name":"wp","href":"https:\/\/api.w.org\/{rel}","templated":true}]}}